{"id":8,"date":"2021-09-14T08:38:19","date_gmt":"2021-09-14T08:38:19","guid":{"rendered":"https:\/\/curaanimalis.de\/?page_id=8"},"modified":"2021-09-16T10:32:10","modified_gmt":"2021-09-16T10:32:10","slug":"impressum","status":"publish","type":"page","link":"https:\/\/curaanimalis.de\/?page_id=8","title":{"rendered":"Impressum"},"content":{"rendered":"<h2>Impressum<\/h2>\n<p>Janine Weigelt<\/p>\n<p>Lindenweg 6<br \/>\n86978 Hohenfurch<\/p>\n<p>Telefon: 088612586525<br \/>\nE-Mail: <a href=\"mailto:janine.weigelt@googlemail.com\">janine.weigelt@googlemail.com<\/a><\/p>\n<p>Berufsbezeichnung: Heilpraktikerin\/Tierheilpraktikerin<\/p>\n<p>Aufsichtsbeh\u00f6rde:<\/p>\n<p>Landratsamt Weilheim-Schongau, Gesundheitsamt Schongau, Schlossplatz 1, 86956 Schongau<\/p>\n<p>Erteilung der Erlaubnis zur Aus\u00fcbung der Heilkunde von Landratsamt Aichach-Friedberg am 11.05.2015<\/p>\n<h2>Hinweis gem\u00e4\u00df<br \/>\nOnline-Streitbeilegungs-Verordnung<\/h2>\n<p>Nach geltendem Recht sind wir<br \/>\nverpflichtet, Verbraucher auf die Existenz der Europ\u00e4ischen<br \/>\nOnline-Streitbeilegungs-Plattform hinzuweisen, die f\u00fcr die Beilegung von<br \/>\nStreitigkeiten genutzt werden kann, ohne dass ein Gericht eingeschaltet werden<br \/>\nmuss. F\u00fcr die Einrichtung der Plattform ist die Europ\u00e4ische Kommission<br \/>\nzust\u00e4ndig. Die Europ\u00e4ische Online-Streitbeilegungs-Plattform ist hier<br \/>\nzu finden: <a href=\"http:\/\/ec.europa.eu\/odr\" target=\"_blank\" rel=\"nofollow noopener\">http:\/\/ec.europa.eu\/odr<\/a>. Unsere E-Mail lautet: <a href=\"mailto:janine.weigelt@googlemail.com\">janine.weigelt@googlemail.com<\/a><\/p>\n<p>Wir weisen aber darauf hin, dass wir nicht bereit sind, uns am<br \/>\nStreitbeilegungsverfahren im Rahmen der Europ\u00e4ischen<br \/>\nOnline-Streitbeilegungs-Plattform zu beteiligen. Nutzen Sie zur Kontaktaufnahme<br \/>\nbitte unsere obige E-Mail und Telefonnummer.<\/p>\n<h2>Disclaimer \u2013<br \/>\nrechtliche Hinweise<\/h2>\n<p>\u00a7 1 Warnhinweis zu Inhalten<br \/>\nDie kostenlosen und frei zug\u00e4nglichen Inhalte dieser Webseite wurden mit<br \/>\ngr\u00f6\u00dftm\u00f6glicher Sorgfalt erstellt. Der Anbieter dieser Webseite \u00fcbernimmt jedoch<br \/>\nkeine Gew\u00e4hr f\u00fcr die Richtigkeit und Aktualit\u00e4t der bereitgestellten kostenlosen<br \/>\nund frei zug\u00e4nglichen journalistischen Ratgeber und Nachrichten. Namentlich<br \/>\ngekennzeichnete Beitr\u00e4ge geben die Meinung des jeweiligen Autors und nicht<\/p>\n<p>immer die Meinung des Anbieters wieder. Allein durch den Aufruf der kostenlosen und<br \/>\nfrei zug\u00e4nglichen Inhalte kommt keinerlei Vertragsverh\u00e4ltnis zwischen dem Nutzer<br \/>\nund dem Anbieter zustande, insoweit fehlt es am Rechtsbindungswillen des<br \/>\nAnbieters.<\/p>\n<p>\u00a7 2 Externe Links<br \/>\nDiese Website enth\u00e4lt Verkn\u00fcpfungen zu Websites Dritter (&#8222;externe Links&#8220;). Diese<br \/>\nWebsites unterliegen der Haftung der jeweiligen Betreiber. Der Anbieter hat bei<br \/>\nder erstmaligen Verkn\u00fcpfung der externen Links die fremden Inhalte daraufhin<br \/>\n\u00fcberpr\u00fcft, ob etwaige Rechtsverst\u00f6\u00dfe bestehen. Zu dem Zeitpunkt waren keine<br \/>\nRechtsverst\u00f6\u00dfe ersichtlich. Der Anbieter hat keinerlei Einfluss auf die aktuelle<br \/>\nund zuk\u00fcnftige Gestaltung und auf die Inhalte der verkn\u00fcpften Seiten. Das Setzen<br \/>\nvon externen Links bedeutet nicht, dass sich der Anbieter die hinter dem Verweis<br \/>\noder Link liegenden Inhalte zu Eigen macht. Eine st\u00e4ndige Kontrolle der externen<br \/>\nLinks ist f\u00fcr den Anbieter ohne konkrete Hinweise auf Rechtsverst\u00f6\u00dfe nicht<br \/>\nzumutbar. Bei Kenntnis von Rechtsverst\u00f6\u00dfen werden jedoch derartige externe Links<br \/>\nunverz\u00fcglich gel\u00f6scht.<\/p>\n<p>\u00a7 3 Urheber- und Leistungsschutzrechte<br \/>\nDie auf dieser Website ver\u00f6ffentlichten Inhalte unterliegen dem deutschen<br \/>\nUrheber- und Leistungsschutzrecht. Jede vom deutschen Urheber- und<br \/>\nLeistungsschutzrecht nicht zugelassene Verwertung bedarf der vorherigen<br \/>\nschriftlichen Zustimmung des Anbieters oder jeweiligen Rechteinhabers. Dies gilt<br \/>\ninsbesondere f\u00fcr Vervielf\u00e4ltigung, Bearbeitung, \u00dcbersetzung, Einspeicherung,<br \/>\nVerarbeitung bzw. Wiedergabe von Inhalten in Datenbanken oder anderen<br \/>\nelektronischen Medien und Systemen. Inhalte und Rechte Dritter sind dabei als<br \/>\nsolche gekennzeichnet. Die unerlaubte Vervielf\u00e4ltigung oder Weitergabe einzelner<br \/>\nInhalte oder kompletter Seiten ist nicht gestattet und strafbar. Lediglich die<br \/>\nHerstellung von Kopien und Downloads f\u00fcr den pers\u00f6nlichen, privaten und nicht<br \/>\nkommerziellen Gebrauch ist erlaubt.<\/p>\n<p>Die Darstellung dieser Website in fremden Frames ist nur mit schriftlicher<br \/>\nErlaubnis zul\u00e4ssig.<\/p>\n<p>\u00a7 4 Besondere Nutzungsbedingungen<br \/>\nSoweit besondere Bedingungen f\u00fcr einzelne Nutzungen dieser Website von den<br \/>\nvorgenannten Paragraphen abweichen, wird an entsprechender Stelle ausdr\u00fccklich<br \/>\ndarauf hingewiesen. In diesem Falle gelten im jeweiligen Einzelfall die<br \/>\nbesonderen Nutzungsbedingungen.<\/p>\n","protected":false},"excerpt":{"rendered":"<p>Impressum Janine Weigelt Lindenweg 6 86978 Hohenfurch Telefon: 088612586525 E-Mail: janine.weigelt@googlemail.com Berufsbezeichnung: Heilpraktikerin\/Tierheilpraktikerin Aufsichtsbeh\u00f6rde: Landratsamt Weilheim-Schongau, Gesundheitsamt Schongau, Schlossplatz 1, 86956 Schongau Erteilung der Erlaubnis zur Aus\u00fcbung der Heilkunde von [&hellip;]<\/p>\n","protected":false},"author":1,"featured_media":0,"parent":0,"menu_order":0,"comment_status":"closed","ping_status":"closed","template":"","meta":{"footnotes":""},"class_list":["post-8","page","type-page","status-publish","hentry"],"yoast_head":"<!-- This site is optimized with the Yoast SEO plugin v27.3 - https:\/\/yoast.com\/product\/yoast-seo-wordpress\/ -->\n<title>Impressum - Cura Animalis<\/title>\n<meta name=\"description\" content=\"Janine Weigelt - Ihre Human- und Tierheilpraktikerin in Hohenfurch, Schongau und Umgebung. Die Mobile Tierheilpraxis kommt gerne zu Ihnen nach Hause. Ich freue mich auf Sie.\" \/>\n<meta name=\"robots\" content=\"index, follow, max-snippet:-1, max-image-preview:large, max-video-preview:-1\" \/>\n<link rel=\"canonical\" href=\"https:\/\/curaanimalis.de\/?page_id=8\" \/>\n<meta property=\"og:locale\" content=\"de_DE\" \/>\n<meta property=\"og:type\" content=\"article\" \/>\n<meta property=\"og:title\" content=\"Impressum - Cura Animalis\" \/>\n<meta property=\"og:description\" content=\"Janine Weigelt - Ihre Human- und Tierheilpraktikerin in Hohenfurch, Schongau und Umgebung. Die Mobile Tierheilpraxis kommt gerne zu Ihnen nach Hause. Ich freue mich auf Sie.\" \/>\n<meta property=\"og:url\" content=\"https:\/\/curaanimalis.de\/?page_id=8\" \/>\n<meta property=\"og:site_name\" content=\"Cura Animalis\" \/>\n<meta property=\"article:modified_time\" content=\"2021-09-16T10:32:10+00:00\" \/>\n<meta name=\"twitter:card\" content=\"summary_large_image\" \/>\n<meta name=\"twitter:label1\" content=\"Gesch\u00e4tzte Lesezeit\" \/>\n\t<meta name=\"twitter:data1\" content=\"3\u00a0Minuten\" \/>\n<script type=\"application\/ld+json\" class=\"yoast-schema-graph\">{\"@context\":\"https:\\\/\\\/schema.org\",\"@graph\":[{\"@type\":\"WebPage\",\"@id\":\"https:\\\/\\\/curaanimalis.de\\\/?page_id=8\",\"url\":\"https:\\\/\\\/curaanimalis.de\\\/?page_id=8\",\"name\":\"Impressum - Cura Animalis\",\"isPartOf\":{\"@id\":\"https:\\\/\\\/curaanimalis.de\\\/#website\"},\"datePublished\":\"2021-09-14T08:38:19+00:00\",\"dateModified\":\"2021-09-16T10:32:10+00:00\",\"description\":\"Janine Weigelt - Ihre Human- und Tierheilpraktikerin in Hohenfurch, Schongau und Umgebung. Die Mobile Tierheilpraxis kommt gerne zu Ihnen nach Hause. Ich freue mich auf Sie.\",\"breadcrumb\":{\"@id\":\"https:\\\/\\\/curaanimalis.de\\\/?page_id=8#breadcrumb\"},\"inLanguage\":\"de\",\"potentialAction\":[{\"@type\":\"ReadAction\",\"target\":[\"https:\\\/\\\/curaanimalis.de\\\/?page_id=8\"]}]},{\"@type\":\"BreadcrumbList\",\"@id\":\"https:\\\/\\\/curaanimalis.de\\\/?page_id=8#breadcrumb\",\"itemListElement\":[{\"@type\":\"ListItem\",\"position\":1,\"name\":\"Startseite\",\"item\":\"https:\\\/\\\/curaanimalis.de\\\/\"},{\"@type\":\"ListItem\",\"position\":2,\"name\":\"Impressum\"}]},{\"@type\":\"WebSite\",\"@id\":\"https:\\\/\\\/curaanimalis.de\\\/#website\",\"url\":\"https:\\\/\\\/curaanimalis.de\\\/\",\"name\":\"Cura Animalis\",\"description\":\"\",\"publisher\":{\"@id\":\"https:\\\/\\\/curaanimalis.de\\\/#organization\"},\"potentialAction\":[{\"@type\":\"SearchAction\",\"target\":{\"@type\":\"EntryPoint\",\"urlTemplate\":\"https:\\\/\\\/curaanimalis.de\\\/?s={search_term_string}\"},\"query-input\":{\"@type\":\"PropertyValueSpecification\",\"valueRequired\":true,\"valueName\":\"search_term_string\"}}],\"inLanguage\":\"de\"},{\"@type\":\"Organization\",\"@id\":\"https:\\\/\\\/curaanimalis.de\\\/#organization\",\"name\":\"Janine Weigelt\",\"url\":\"https:\\\/\\\/curaanimalis.de\\\/\",\"logo\":{\"@type\":\"ImageObject\",\"inLanguage\":\"de\",\"@id\":\"https:\\\/\\\/curaanimalis.de\\\/#\\\/schema\\\/logo\\\/image\\\/\",\"url\":\"https:\\\/\\\/curaanimalis.de\\\/wp-content\\\/uploads\\\/2021\\\/09\\\/rerer.png\",\"contentUrl\":\"https:\\\/\\\/curaanimalis.de\\\/wp-content\\\/uploads\\\/2021\\\/09\\\/rerer.png\",\"width\":240,\"height\":240,\"caption\":\"Janine Weigelt\"},\"image\":{\"@id\":\"https:\\\/\\\/curaanimalis.de\\\/#\\\/schema\\\/logo\\\/image\\\/\"}}]}<\/script>\n<!-- \/ Yoast SEO plugin. -->","yoast_head_json":{"title":"Impressum - Cura Animalis","description":"Janine Weigelt - Ihre Human- und Tierheilpraktikerin in Hohenfurch, Schongau und Umgebung. Die Mobile Tierheilpraxis kommt gerne zu Ihnen nach Hause. Ich freue mich auf Sie.","robots":{"index":"index","follow":"follow","max-snippet":"max-snippet:-1","max-image-preview":"max-image-preview:large","max-video-preview":"max-video-preview:-1"},"canonical":"https:\/\/curaanimalis.de\/?page_id=8","og_locale":"de_DE","og_type":"article","og_title":"Impressum - Cura Animalis","og_description":"Janine Weigelt - Ihre Human- und Tierheilpraktikerin in Hohenfurch, Schongau und Umgebung. Die Mobile Tierheilpraxis kommt gerne zu Ihnen nach Hause. Ich freue mich auf Sie.","og_url":"https:\/\/curaanimalis.de\/?page_id=8","og_site_name":"Cura Animalis","article_modified_time":"2021-09-16T10:32:10+00:00","twitter_card":"summary_large_image","twitter_misc":{"Gesch\u00e4tzte Lesezeit":"3\u00a0Minuten"},"schema":{"@context":"https:\/\/schema.org","@graph":[{"@type":"WebPage","@id":"https:\/\/curaanimalis.de\/?page_id=8","url":"https:\/\/curaanimalis.de\/?page_id=8","name":"Impressum - Cura Animalis","isPartOf":{"@id":"https:\/\/curaanimalis.de\/#website"},"datePublished":"2021-09-14T08:38:19+00:00","dateModified":"2021-09-16T10:32:10+00:00","description":"Janine Weigelt - Ihre Human- und Tierheilpraktikerin in Hohenfurch, Schongau und Umgebung. Die Mobile Tierheilpraxis kommt gerne zu Ihnen nach Hause. Ich freue mich auf Sie.","breadcrumb":{"@id":"https:\/\/curaanimalis.de\/?page_id=8#breadcrumb"},"inLanguage":"de","potentialAction":[{"@type":"ReadAction","target":["https:\/\/curaanimalis.de\/?page_id=8"]}]},{"@type":"BreadcrumbList","@id":"https:\/\/curaanimalis.de\/?page_id=8#breadcrumb","itemListElement":[{"@type":"ListItem","position":1,"name":"Startseite","item":"https:\/\/curaanimalis.de\/"},{"@type":"ListItem","position":2,"name":"Impressum"}]},{"@type":"WebSite","@id":"https:\/\/curaanimalis.de\/#website","url":"https:\/\/curaanimalis.de\/","name":"Cura Animalis","description":"","publisher":{"@id":"https:\/\/curaanimalis.de\/#organization"},"potentialAction":[{"@type":"SearchAction","target":{"@type":"EntryPoint","urlTemplate":"https:\/\/curaanimalis.de\/?s={search_term_string}"},"query-input":{"@type":"PropertyValueSpecification","valueRequired":true,"valueName":"search_term_string"}}],"inLanguage":"de"},{"@type":"Organization","@id":"https:\/\/curaanimalis.de\/#organization","name":"Janine Weigelt","url":"https:\/\/curaanimalis.de\/","logo":{"@type":"ImageObject","inLanguage":"de","@id":"https:\/\/curaanimalis.de\/#\/schema\/logo\/image\/","url":"https:\/\/curaanimalis.de\/wp-content\/uploads\/2021\/09\/rerer.png","contentUrl":"https:\/\/curaanimalis.de\/wp-content\/uploads\/2021\/09\/rerer.png","width":240,"height":240,"caption":"Janine Weigelt"},"image":{"@id":"https:\/\/curaanimalis.de\/#\/schema\/logo\/image\/"}}]}},"_links":{"self":[{"href":"https:\/\/curaanimalis.de\/index.php?rest_route=\/wp\/v2\/pages\/8","targetHints":{"allow":["GET"]}}],"collection":[{"href":"https:\/\/curaanimalis.de\/index.php?rest_route=\/wp\/v2\/pages"}],"about":[{"href":"https:\/\/curaanimalis.de\/index.php?rest_route=\/wp\/v2\/types\/page"}],"author":[{"embeddable":true,"href":"https:\/\/curaanimalis.de\/index.php?rest_route=\/wp\/v2\/users\/1"}],"replies":[{"embeddable":true,"href":"https:\/\/curaanimalis.de\/index.php?rest_route=%2Fwp%2Fv2%2Fcomments&post=8"}],"version-history":[{"count":6,"href":"https:\/\/curaanimalis.de\/index.php?rest_route=\/wp\/v2\/pages\/8\/revisions"}],"predecessor-version":[{"id":78,"href":"https:\/\/curaanimalis.de\/index.php?rest_route=\/wp\/v2\/pages\/8\/revisions\/78"}],"wp:attachment":[{"href":"https:\/\/curaanimalis.de\/index.php?rest_route=%2Fwp%2Fv2%2Fmedia&parent=8"}],"curies":[{"name":"wp","href":"https:\/\/api.w.org\/{rel}","templated":true}]}}