{"id":18,"date":"2021-09-14T08:40:24","date_gmt":"2021-09-14T08:40:24","guid":{"rendered":"https:\/\/curaanimalis.de\/?page_id=18"},"modified":"2021-09-16T08:19:46","modified_gmt":"2021-09-16T08:19:46","slug":"ueber-mich","status":"publish","type":"page","link":"https:\/\/curaanimalis.de\/?page_id=18","title":{"rendered":"\u00dcber mich"},"content":{"rendered":"\n<p><strong>Ausbildung<\/strong><\/p>\n\n\n\n<div class=\"wp-block-columns is-layout-flex wp-container-core-columns-is-layout-9d6595d7 wp-block-columns-is-layout-flex\">\n<div class=\"wp-block-column is-layout-flow wp-block-column-is-layout-flow\" style=\"flex-basis:66.66%\">\n<div class=\"wp-block-column is-layout-flow wp-block-column-is-layout-flow\" style=\"flex-basis:33.33%\">\n<ul class=\"wp-block-list\"><li>Studium der P\u00e4dagogik, Psychologie und Medienp\u00e4dagogik (Abschluss 2005)<\/li><li>Ausbildung zum Tierheilpraktiker an der Atropa Akademie (Abschluss 2011)<\/li><li>Ausbildung zur Heilpraktikerin mit\u00a0amts\u00e4rztlicher \u00dcberpr\u00fcfung (Abschluss 2015)<\/li><li>Dozentin an der Heilpraktikerschule Atropa Akademie in Augsburg f\u00fcr die Heilpraktikerausbildung<\/li><\/ul>\n\n\n\n<p><strong>Behandlungsmethoden<\/strong><\/p>\n\n\n\n<ul class=\"wp-block-list\"><li>Hom\u00f6opathie<\/li><li>Akupunktur<\/li><li>Sch\u00e4delakupunktur nach Yamamoto\u00a0<\/li><li>Traditionell Chinesische Medizin<\/li><li>Traditionell Europ\u00e4ische Naturheilkunde\u00a0<\/li><li>Heilpilze<\/li><li>Bachbl\u00fcten<\/li><li>Blutegel<\/li><li>Biophotonentherapie (Lifewave)<\/li><li>Blutegel<\/li><li>Akupunktur<\/li><li>Ohrakupunktur<\/li><li>Entgiften und Ausleiten<\/li><\/ul>\n<\/div>\n<\/div>\n\n\n\n<div class=\"wp-block-column is-layout-flow wp-block-column-is-layout-flow\" style=\"flex-basis:33.33%\">\n<figure class=\"wp-block-image size-large\"><img loading=\"lazy\" decoding=\"async\" width=\"683\" height=\"1024\" src=\"https:\/\/curaanimalis.de\/wp-content\/uploads\/2021\/09\/IMG_5469-683x1024.jpg\" alt=\"\" class=\"wp-image-22\" srcset=\"https:\/\/curaanimalis.de\/wp-content\/uploads\/2021\/09\/IMG_5469-683x1024.jpg 683w, https:\/\/curaanimalis.de\/wp-content\/uploads\/2021\/09\/IMG_5469-200x300.jpg 200w, https:\/\/curaanimalis.de\/wp-content\/uploads\/2021\/09\/IMG_5469-768x1152.jpg 768w, https:\/\/curaanimalis.de\/wp-content\/uploads\/2021\/09\/IMG_5469-1024x1536.jpg 1024w, https:\/\/curaanimalis.de\/wp-content\/uploads\/2021\/09\/IMG_5469-1365x2048.jpg 1365w, https:\/\/curaanimalis.de\/wp-content\/uploads\/2021\/09\/IMG_5469-scaled.jpg 1707w\" sizes=\"auto, (max-width: 683px) 100vw, 683px\" \/><\/figure>\n<\/div>\n<\/div>\n\n\n<p><!-- \/wp:post-content --><\/p>","protected":false},"excerpt":{"rendered":"<p>Ausbildung Studium der P\u00e4dagogik, Psychologie und Medienp\u00e4dagogik (Abschluss 2005) Ausbildung zum Tierheilpraktiker an der Atropa Akademie (Abschluss 2011) Ausbildung zur Heilpraktikerin mit\u00a0amts\u00e4rztlicher \u00dcberpr\u00fcfung (Abschluss 2015) Dozentin an der Heilpraktikerschule Atropa [&hellip;]<\/p>\n","protected":false},"author":1,"featured_media":0,"parent":0,"menu_order":0,"comment_status":"closed","ping_status":"closed","template":"","meta":{"footnotes":""},"class_list":["post-18","page","type-page","status-publish","hentry"],"yoast_head":"<!-- This site is optimized with the Yoast SEO plugin v27.3 - https:\/\/yoast.com\/product\/yoast-seo-wordpress\/ -->\n<title>\u00dcber mich - Cura Animalis<\/title>\n<meta name=\"description\" content=\"Janine Weigelt - Ihre Human- und Tierheilpraktikerin in Hohenfurch, Schongau und Umgebung. Die Mobile Tierheilpraxis kommt gerne zu Ihnen nach Hause. Ich freue mich auf Sie.\" \/>\n<meta name=\"robots\" content=\"index, follow, max-snippet:-1, max-image-preview:large, max-video-preview:-1\" \/>\n<link rel=\"canonical\" href=\"https:\/\/curaanimalis.de\/?page_id=18\" \/>\n<meta property=\"og:locale\" content=\"de_DE\" \/>\n<meta property=\"og:type\" content=\"article\" \/>\n<meta property=\"og:title\" content=\"\u00dcber mich - Cura Animalis\" \/>\n<meta property=\"og:description\" content=\"Janine Weigelt - Ihre Human- und Tierheilpraktikerin in Hohenfurch, Schongau und Umgebung. Die Mobile Tierheilpraxis kommt gerne zu Ihnen nach Hause. Ich freue mich auf Sie.\" \/>\n<meta property=\"og:url\" content=\"https:\/\/curaanimalis.de\/?page_id=18\" \/>\n<meta property=\"og:site_name\" content=\"Cura Animalis\" \/>\n<meta property=\"article:modified_time\" content=\"2021-09-16T08:19:46+00:00\" \/>\n<meta property=\"og:image\" content=\"https:\/\/curaanimalis.de\/wp-content\/uploads\/2021\/09\/IMG_5469-683x1024.jpg\" \/>\n<meta name=\"twitter:card\" content=\"summary_large_image\" \/>\n<meta name=\"twitter:label1\" content=\"Gesch\u00e4tzte Lesezeit\" \/>\n\t<meta name=\"twitter:data1\" content=\"1\u00a0Minute\" \/>\n<script type=\"application\/ld+json\" class=\"yoast-schema-graph\">{\"@context\":\"https:\\\/\\\/schema.org\",\"@graph\":[{\"@type\":\"WebPage\",\"@id\":\"https:\\\/\\\/curaanimalis.de\\\/?page_id=18\",\"url\":\"https:\\\/\\\/curaanimalis.de\\\/?page_id=18\",\"name\":\"\u00dcber mich - Cura Animalis\",\"isPartOf\":{\"@id\":\"https:\\\/\\\/curaanimalis.de\\\/#website\"},\"primaryImageOfPage\":{\"@id\":\"https:\\\/\\\/curaanimalis.de\\\/?page_id=18#primaryimage\"},\"image\":{\"@id\":\"https:\\\/\\\/curaanimalis.de\\\/?page_id=18#primaryimage\"},\"thumbnailUrl\":\"https:\\\/\\\/curaanimalis.de\\\/wp-content\\\/uploads\\\/2021\\\/09\\\/IMG_5469-683x1024.jpg\",\"datePublished\":\"2021-09-14T08:40:24+00:00\",\"dateModified\":\"2021-09-16T08:19:46+00:00\",\"description\":\"Janine Weigelt - Ihre Human- und Tierheilpraktikerin in Hohenfurch, Schongau und Umgebung. Die Mobile Tierheilpraxis kommt gerne zu Ihnen nach Hause. Ich freue mich auf Sie.\",\"breadcrumb\":{\"@id\":\"https:\\\/\\\/curaanimalis.de\\\/?page_id=18#breadcrumb\"},\"inLanguage\":\"de\",\"potentialAction\":[{\"@type\":\"ReadAction\",\"target\":[\"https:\\\/\\\/curaanimalis.de\\\/?page_id=18\"]}]},{\"@type\":\"ImageObject\",\"inLanguage\":\"de\",\"@id\":\"https:\\\/\\\/curaanimalis.de\\\/?page_id=18#primaryimage\",\"url\":\"https:\\\/\\\/curaanimalis.de\\\/wp-content\\\/uploads\\\/2021\\\/09\\\/IMG_5469-683x1024.jpg\",\"contentUrl\":\"https:\\\/\\\/curaanimalis.de\\\/wp-content\\\/uploads\\\/2021\\\/09\\\/IMG_5469-683x1024.jpg\"},{\"@type\":\"BreadcrumbList\",\"@id\":\"https:\\\/\\\/curaanimalis.de\\\/?page_id=18#breadcrumb\",\"itemListElement\":[{\"@type\":\"ListItem\",\"position\":1,\"name\":\"Startseite\",\"item\":\"https:\\\/\\\/curaanimalis.de\\\/\"},{\"@type\":\"ListItem\",\"position\":2,\"name\":\"\u00dcber mich\"}]},{\"@type\":\"WebSite\",\"@id\":\"https:\\\/\\\/curaanimalis.de\\\/#website\",\"url\":\"https:\\\/\\\/curaanimalis.de\\\/\",\"name\":\"Cura Animalis\",\"description\":\"\",\"publisher\":{\"@id\":\"https:\\\/\\\/curaanimalis.de\\\/#organization\"},\"potentialAction\":[{\"@type\":\"SearchAction\",\"target\":{\"@type\":\"EntryPoint\",\"urlTemplate\":\"https:\\\/\\\/curaanimalis.de\\\/?s={search_term_string}\"},\"query-input\":{\"@type\":\"PropertyValueSpecification\",\"valueRequired\":true,\"valueName\":\"search_term_string\"}}],\"inLanguage\":\"de\"},{\"@type\":\"Organization\",\"@id\":\"https:\\\/\\\/curaanimalis.de\\\/#organization\",\"name\":\"Janine Weigelt\",\"url\":\"https:\\\/\\\/curaanimalis.de\\\/\",\"logo\":{\"@type\":\"ImageObject\",\"inLanguage\":\"de\",\"@id\":\"https:\\\/\\\/curaanimalis.de\\\/#\\\/schema\\\/logo\\\/image\\\/\",\"url\":\"https:\\\/\\\/curaanimalis.de\\\/wp-content\\\/uploads\\\/2021\\\/09\\\/rerer.png\",\"contentUrl\":\"https:\\\/\\\/curaanimalis.de\\\/wp-content\\\/uploads\\\/2021\\\/09\\\/rerer.png\",\"width\":240,\"height\":240,\"caption\":\"Janine Weigelt\"},\"image\":{\"@id\":\"https:\\\/\\\/curaanimalis.de\\\/#\\\/schema\\\/logo\\\/image\\\/\"}}]}<\/script>\n<!-- \/ Yoast SEO plugin. -->","yoast_head_json":{"title":"\u00dcber mich - Cura Animalis","description":"Janine Weigelt - Ihre Human- und Tierheilpraktikerin in Hohenfurch, Schongau und Umgebung. Die Mobile Tierheilpraxis kommt gerne zu Ihnen nach Hause. Ich freue mich auf Sie.","robots":{"index":"index","follow":"follow","max-snippet":"max-snippet:-1","max-image-preview":"max-image-preview:large","max-video-preview":"max-video-preview:-1"},"canonical":"https:\/\/curaanimalis.de\/?page_id=18","og_locale":"de_DE","og_type":"article","og_title":"\u00dcber mich - Cura Animalis","og_description":"Janine Weigelt - Ihre Human- und Tierheilpraktikerin in Hohenfurch, Schongau und Umgebung. Die Mobile Tierheilpraxis kommt gerne zu Ihnen nach Hause. Ich freue mich auf Sie.","og_url":"https:\/\/curaanimalis.de\/?page_id=18","og_site_name":"Cura Animalis","article_modified_time":"2021-09-16T08:19:46+00:00","og_image":[{"url":"https:\/\/curaanimalis.de\/wp-content\/uploads\/2021\/09\/IMG_5469-683x1024.jpg","type":"","width":"","height":""}],"twitter_card":"summary_large_image","twitter_misc":{"Gesch\u00e4tzte Lesezeit":"1\u00a0Minute"},"schema":{"@context":"https:\/\/schema.org","@graph":[{"@type":"WebPage","@id":"https:\/\/curaanimalis.de\/?page_id=18","url":"https:\/\/curaanimalis.de\/?page_id=18","name":"\u00dcber mich - Cura Animalis","isPartOf":{"@id":"https:\/\/curaanimalis.de\/#website"},"primaryImageOfPage":{"@id":"https:\/\/curaanimalis.de\/?page_id=18#primaryimage"},"image":{"@id":"https:\/\/curaanimalis.de\/?page_id=18#primaryimage"},"thumbnailUrl":"https:\/\/curaanimalis.de\/wp-content\/uploads\/2021\/09\/IMG_5469-683x1024.jpg","datePublished":"2021-09-14T08:40:24+00:00","dateModified":"2021-09-16T08:19:46+00:00","description":"Janine Weigelt - Ihre Human- und Tierheilpraktikerin in Hohenfurch, Schongau und Umgebung. Die Mobile Tierheilpraxis kommt gerne zu Ihnen nach Hause. Ich freue mich auf Sie.","breadcrumb":{"@id":"https:\/\/curaanimalis.de\/?page_id=18#breadcrumb"},"inLanguage":"de","potentialAction":[{"@type":"ReadAction","target":["https:\/\/curaanimalis.de\/?page_id=18"]}]},{"@type":"ImageObject","inLanguage":"de","@id":"https:\/\/curaanimalis.de\/?page_id=18#primaryimage","url":"https:\/\/curaanimalis.de\/wp-content\/uploads\/2021\/09\/IMG_5469-683x1024.jpg","contentUrl":"https:\/\/curaanimalis.de\/wp-content\/uploads\/2021\/09\/IMG_5469-683x1024.jpg"},{"@type":"BreadcrumbList","@id":"https:\/\/curaanimalis.de\/?page_id=18#breadcrumb","itemListElement":[{"@type":"ListItem","position":1,"name":"Startseite","item":"https:\/\/curaanimalis.de\/"},{"@type":"ListItem","position":2,"name":"\u00dcber mich"}]},{"@type":"WebSite","@id":"https:\/\/curaanimalis.de\/#website","url":"https:\/\/curaanimalis.de\/","name":"Cura Animalis","description":"","publisher":{"@id":"https:\/\/curaanimalis.de\/#organization"},"potentialAction":[{"@type":"SearchAction","target":{"@type":"EntryPoint","urlTemplate":"https:\/\/curaanimalis.de\/?s={search_term_string}"},"query-input":{"@type":"PropertyValueSpecification","valueRequired":true,"valueName":"search_term_string"}}],"inLanguage":"de"},{"@type":"Organization","@id":"https:\/\/curaanimalis.de\/#organization","name":"Janine Weigelt","url":"https:\/\/curaanimalis.de\/","logo":{"@type":"ImageObject","inLanguage":"de","@id":"https:\/\/curaanimalis.de\/#\/schema\/logo\/image\/","url":"https:\/\/curaanimalis.de\/wp-content\/uploads\/2021\/09\/rerer.png","contentUrl":"https:\/\/curaanimalis.de\/wp-content\/uploads\/2021\/09\/rerer.png","width":240,"height":240,"caption":"Janine Weigelt"},"image":{"@id":"https:\/\/curaanimalis.de\/#\/schema\/logo\/image\/"}}]}},"_links":{"self":[{"href":"https:\/\/curaanimalis.de\/index.php?rest_route=\/wp\/v2\/pages\/18","targetHints":{"allow":["GET"]}}],"collection":[{"href":"https:\/\/curaanimalis.de\/index.php?rest_route=\/wp\/v2\/pages"}],"about":[{"href":"https:\/\/curaanimalis.de\/index.php?rest_route=\/wp\/v2\/types\/page"}],"author":[{"embeddable":true,"href":"https:\/\/curaanimalis.de\/index.php?rest_route=\/wp\/v2\/users\/1"}],"replies":[{"embeddable":true,"href":"https:\/\/curaanimalis.de\/index.php?rest_route=%2Fwp%2Fv2%2Fcomments&post=18"}],"version-history":[{"count":6,"href":"https:\/\/curaanimalis.de\/index.php?rest_route=\/wp\/v2\/pages\/18\/revisions"}],"predecessor-version":[{"id":77,"href":"https:\/\/curaanimalis.de\/index.php?rest_route=\/wp\/v2\/pages\/18\/revisions\/77"}],"wp:attachment":[{"href":"https:\/\/curaanimalis.de\/index.php?rest_route=%2Fwp%2Fv2%2Fmedia&parent=18"}],"curies":[{"name":"wp","href":"https:\/\/api.w.org\/{rel}","templated":true}]}}